{"id":4208,"date":"2022-04-21T12:02:08","date_gmt":"2022-04-21T12:02:08","guid":{"rendered":"https:\/\/jant.com.tr\/en\/?page_id=4208"},"modified":"2022-06-21T12:45:33","modified_gmt":"2022-06-21T12:45:33","slug":"engineering","status":"publish","type":"page","link":"https:\/\/jant.com.tr\/en\/engineering\/","title":{"rendered":"Engineering"},"content":{"rendered":"<p>[vc_row full_width=&#8221;stretch_row&#8221; content_placement=&#8221;middle&#8221; css=&#8221;.vc_custom_1651145356626{padding-top: 50px !important;background-color: #ffffff !important;}&#8221;][vc_column icons_position=&#8221;left&#8221; offset=&#8221;vc_col-md-6&#8243;]<div id=\"\"\r\n\t\tclass=\"sc_title color_style_default sc_title_default\"><h3 class=\"sc_item_title sc_title_title sc_align_left sc_item_title_style_default sc_item_title_tag\">DESIGN<\/h3><\/div><!-- \/.sc_title -->[vc_empty_space height=&#8221;0.5em&#8221; alter_height=&#8221;none&#8221; hide_on_mobile=&#8221;&#8221;][vc_single_image image=&#8221;4342&#8243; img_size=&#8221;full&#8221;][\/vc_column][vc_column icons_position=&#8221;left&#8221; offset=&#8221;vc_col-md-6&#8243;][vc_empty_space height=&#8221;1.4em&#8221; alter_height=&#8221;none&#8221; hide_on_mobile=&#8221;1,3&#8243;][vc_column_text]The modeling, mold design and production of our wheels are carried out by our experienced team in our factory. The desired model is designed by our engineers in 3D with professional software. The mold is produced by our technical staff in our factory. The mold is made in extra-precision CNC machining centers and is meticulously assembled.[\/vc_column_text][vc_empty_space height=&#8221;2.8em&#8221; alter_height=&#8221;none&#8221; hide_on_mobile=&#8221;&#8221;][\/vc_column][\/vc_row][vc_row full_width=&#8221;stretch_row&#8221; content_placement=&#8221;top&#8221; css=&#8221;.vc_custom_1651145563492{padding-top: 50px !important;background-color: #ffffff !important;}&#8221;][vc_column icons_position=&#8221;left&#8221; offset=&#8221;vc_col-md-6&#8243;]<div id=\"\"\r\n\t\tclass=\"sc_title color_style_default sc_title_default\"><h3 class=\"sc_item_title sc_title_title sc_align_left sc_item_title_style_default sc_item_title_tag\">QUALITY<\/h3><\/div><!-- \/.sc_title -->[vc_empty_space height=&#8221;0.5em&#8221; alter_height=&#8221;none&#8221; hide_on_mobile=&#8221;&#8221;][vc_single_image image=&#8221;4344&#8243; img_size=&#8221;full&#8221;][\/vc_column][vc_column icons_position=&#8221;left&#8221; offset=&#8221;vc_col-md-6&#8243;][vc_empty_space height=&#8221;1.4em&#8221; alter_height=&#8221;none&#8221; hide_on_mobile=&#8221;1,3&#8243;][vc_empty_space height=&#8221;2.8em&#8221; alter_height=&#8221;none&#8221; hide_on_mobile=&#8221;&#8221;][vc_column_text]The made models are subjected to mechanical durability tests such as impact, radial and bend fatigue, corrosion before being put into mass production. Models that have passed the tests performed after the trial casting receive mass production approval.<\/p>\n<p>Due to our understanding of quality, we carry out checks at every stage of production. These controls are returned to the \u00c7a\u011flas factory as low loss, high quality; and to the \u00c7a\u011flas brand as high customer satisfaction.[\/vc_column_text][\/vc_column][\/vc_row][vc_row full_width=&#8221;stretch_row&#8221; content_placement=&#8221;top&#8221; css=&#8221;.vc_custom_1651145345361{padding-top: 50px !important;background-color: #ffffff !important;}&#8221;][vc_column icons_position=&#8221;left&#8221; offset=&#8221;vc_col-md-6&#8243;]<div id=\"\"\r\n\t\tclass=\"sc_title color_style_default sc_title_default\"><h3 class=\"sc_item_title sc_title_title sc_align_left sc_item_title_style_default sc_item_title_tag\">FOUNDRY<\/h3><\/div><!-- \/.sc_title -->[vc_empty_space height=&#8221;0.5em&#8221; alter_height=&#8221;none&#8221; hide_on_mobile=&#8221;&#8221;][vc_single_image image=&#8221;4345&#8243; img_size=&#8221;full&#8221;][\/vc_column][vc_column icons_position=&#8221;left&#8221; offset=&#8221;vc_col-md-6&#8243;][vc_empty_space height=&#8221;1.4em&#8221; alter_height=&#8221;none&#8221; hide_on_mobile=&#8221;1,3&#8243;][vc_empty_space height=&#8221;1.4em&#8221; alter_height=&#8221;none&#8221; hide_on_mobile=&#8221;1,3&#8243;][vc_empty_space height=&#8221;1.4em&#8221; alter_height=&#8221;none&#8221; hide_on_mobile=&#8221;1,3&#8243;][vc_column_text]Original aluminum ingots of the highest quality are used in our factory, which produces them by low pressure casting technique. The mineral, which is made liquid in the smelting quarry, is subjected to degassing. The dumped products undergo X-Ray control. After other measurements and quality controls are made, they are taken to the area where they will be processed.[\/vc_column_text][vc_empty_space height=&#8221;2.8em&#8221; alter_height=&#8221;none&#8221; hide_on_mobile=&#8221;&#8221;][\/vc_column][\/vc_row][vc_row full_width=&#8221;stretch_row&#8221; content_placement=&#8221;top&#8221; css=&#8221;.vc_custom_1651145334748{padding-top: 50px !important;background-color: #ffffff !important;}&#8221;][vc_column icons_position=&#8221;left&#8221; offset=&#8221;vc_col-md-6&#8243;]<div id=\"\"\r\n\t\tclass=\"sc_title color_style_default sc_title_default\"><h3 class=\"sc_item_title sc_title_title sc_align_left sc_item_title_style_default sc_item_title_tag\">MACHINING<\/h3><\/div><!-- \/.sc_title -->[vc_empty_space height=&#8221;0.5em&#8221; alter_height=&#8221;none&#8221; hide_on_mobile=&#8221;&#8221;][vc_single_image image=&#8221;4346&#8243; img_size=&#8221;full&#8221;][\/vc_column][vc_column icons_position=&#8221;left&#8221; offset=&#8221;vc_col-md-6&#8243;][vc_empty_space height=&#8221;1.4em&#8221; alter_height=&#8221;none&#8221; hide_on_mobile=&#8221;1,3&#8243;][vc_empty_space height=&#8221;1.4em&#8221; alter_height=&#8221;none&#8221; hide_on_mobile=&#8221;1,3&#8243;][vc_empty_space height=&#8221;1.4em&#8221; alter_height=&#8221;none&#8221; hide_on_mobile=&#8221;1,3&#8243;][vc_column_text]In principle, Caglas produces wheels that meet both high safety requirements and have no balance, secretion and wobble problems. It uses state-of-the-art CNCs to achieve flawless surfaces. Whether it is mounting surfaces or wheel and valve holes, every operation is performed with high precision. Each wheel undergoes a sealing test. It is delivered to the paint shop after the approval of the quality engineer.[\/vc_column_text][vc_empty_space height=&#8221;2.8em&#8221; alter_height=&#8221;none&#8221; hide_on_mobile=&#8221;&#8221;][\/vc_column][\/vc_row][vc_row full_width=&#8221;stretch_row&#8221; content_placement=&#8221;top&#8221; css=&#8221;.vc_custom_1651145325095{padding-top: 50px !important;background-color: #ffffff !important;}&#8221;][vc_column icons_position=&#8221;left&#8221; offset=&#8221;vc_col-md-6&#8243;]<div id=\"\"\r\n\t\tclass=\"sc_title color_style_default sc_title_default\"><h3 class=\"sc_item_title sc_title_title sc_align_left sc_item_title_style_default sc_item_title_tag\">PAINT<\/h3><\/div><!-- \/.sc_title -->[vc_empty_space height=&#8221;0.5em&#8221; alter_height=&#8221;none&#8221; hide_on_mobile=&#8221;&#8221;][vc_single_image image=&#8221;4347&#8243; img_size=&#8221;full&#8221;][\/vc_column][vc_column icons_position=&#8221;left&#8221; offset=&#8221;vc_col-md-6&#8243;][vc_empty_space height=&#8221;1.4em&#8221; alter_height=&#8221;none&#8221; hide_on_mobile=&#8221;1,3&#8243;][vc_empty_space height=&#8221;1.4em&#8221; alter_height=&#8221;none&#8221; hide_on_mobile=&#8221;1,3&#8243;][vc_empty_space height=&#8221;1.4em&#8221; alter_height=&#8221;none&#8221; hide_on_mobile=&#8221;1,3&#8243;][vc_column_text]No matter how important the &#8220;inner beauty&#8221; of a wheel is, we are aware that it is the outer beauty that sells it. For this reason, we use proven brands in the wheel sector as equipment and materials in our paint shop. Here we see the secret of providing strength not only in the image, but also beyond the industry standards. We do not compromise on quality when using customer-oriented colors. Each wheel processed in our pretreatment, powder coating and wet painting lines is examined by master eyes before entering the package. Packing is done in the same way that the wheels can go on overseas trips.[\/vc_column_text][vc_empty_space height=&#8221;2.8em&#8221; alter_height=&#8221;none&#8221; hide_on_mobile=&#8221;&#8221;][\/vc_column][\/vc_row][vc_row][vc_column icons_position=&#8221;left&#8221;][vc_empty_space height=&#8221;9.3em&#8221; alter_height=&#8221;none&#8221; hide_on_mobile=&#8221;&#8221;][\/vc_column][\/vc_row]<\/p>\n","protected":false},"excerpt":{"rendered":"<p>[vc_row full_width=&#8221;stretch_row&#8221; content_placement=&#8221;middle&#8221; css=&#8221;.vc_custom_1651145356626{padding-top: 50px !important;background-color: #ffffff !important;}&#8221;][vc_column icons_position=&#8221;left&#8221; offset=&#8221;vc_col-md-6&#8243;][vc_empty_space height=&#8221;0.5em&#8221; alter_height=&#8221;none&#8221; hide_on_mobile=&#8221;&#8221;][vc_single_image image=&#8221;4342&#8243; img_size=&#8221;full&#8221;][\/vc_column][vc_column icons_position=&#8221;left&#8221; offset=&#8221;vc_col-md-6&#8243;][vc_empty_space height=&#8221;1.4em&#8221; alter_height=&#8221;none&#8221; hide_on_mobile=&#8221;1,3&#8243;][vc_column_text]The modeling, mold design and production of our wheels are carried out by our experienced team in our factory. The desired model is designed by our engineers in 3D with professional software. The mold is produced by our technical staff in&hellip;<\/p>\n","protected":false},"author":1,"featured_media":0,"parent":0,"menu_order":0,"comment_status":"closed","ping_status":"closed","template":"","meta":{"footnotes":""},"class_list":["post-4208","page","type-page","status-publish","hentry"],"_links":{"self":[{"href":"https:\/\/jant.com.tr\/en\/wp-json\/wp\/v2\/pages\/4208","targetHints":{"allow":["GET"]}}],"collection":[{"href":"https:\/\/jant.com.tr\/en\/wp-json\/wp\/v2\/pages"}],"about":[{"href":"https:\/\/jant.com.tr\/en\/wp-json\/wp\/v2\/types\/page"}],"author":[{"embeddable":true,"href":"https:\/\/jant.com.tr\/en\/wp-json\/wp\/v2\/users\/1"}],"replies":[{"embeddable":true,"href":"https:\/\/jant.com.tr\/en\/wp-json\/wp\/v2\/comments?post=4208"}],"version-history":[{"count":21,"href":"https:\/\/jant.com.tr\/en\/wp-json\/wp\/v2\/pages\/4208\/revisions"}],"predecessor-version":[{"id":5865,"href":"https:\/\/jant.com.tr\/en\/wp-json\/wp\/v2\/pages\/4208\/revisions\/5865"}],"wp:attachment":[{"href":"https:\/\/jant.com.tr\/en\/wp-json\/wp\/v2\/media?parent=4208"}],"curies":[{"name":"wp","href":"https:\/\/api.w.org\/{rel}","templated":true}]}}