{"id":4440,"date":"2022-04-26T11:41:53","date_gmt":"2022-04-26T11:41:53","guid":{"rendered":"https:\/\/jant.com.tr\/de\/?page_id=4440"},"modified":"2022-07-10T10:20:43","modified_gmt":"2022-07-10T10:20:43","slug":"handler","status":"publish","type":"page","link":"https:\/\/jant.com.tr\/de\/handler\/","title":{"rendered":"H\u00c4NDLER"},"content":{"rendered":"<p>[vc_row full_width=&#8221;stretch_row&#8221; css=&#8221;.vc_custom_1651150190585{margin-bottom: 150px !important;padding-top: 50px !important;padding-bottom: 50px !important;background-color: #ffffff !important;}&#8221;][vc_column width=&#8221;1\/3&#8243; icons_position=&#8221;left&#8221; offset=&#8221;vc_col-md-6&#8243;][vc_single_image image=&#8221;4441&#8243; img_size=&#8221;full&#8221;][vc_column_text] Wir bitten Sie dringend, das gesamte Formular auszuf\u00fcllen, um Ihre Bewerbung effektiv bewerten zu k\u00f6nnen. Sobald das Formular bei uns eintrifft, werden unsere Teamkollegen sie kontaktieren, um \u00fcber diese Gesch\u00e4ftsm\u00f6glichkeit zu sprechen.[\/vc_column_text][\/vc_column][vc_column width=&#8221;2\/3&#8243; icons_position=&#8221;left&#8221; offset=&#8221;vc_col-md-6&#8243;][vc_column_text]<strong>H\u00e4ndlerantragsformular<\/strong><br \/>\nStellen Sie sicher, dass die von Ihnen eingegebenen Informationen korrekt sind.[\/vc_column_text]\n<div class=\"wpcf7 no-js\" id=\"wpcf7-f4450-o1\" lang=\"en-US\" dir=\"ltr\" data-wpcf7-id=\"4450\">\n<div class=\"screen-reader-response\"><p role=\"status\" aria-live=\"polite\" aria-atomic=\"true\"><\/p> <ul><\/ul><\/div>\n<form action=\"\/de\/wp-json\/wp\/v2\/pages\/4440#wpcf7-f4450-o1\" method=\"post\" class=\"wpcf7-form init\" aria-label=\"Contact form\" novalidate=\"novalidate\" data-status=\"init\">\n<fieldset class=\"hidden-fields-container\"><input type=\"hidden\" name=\"_wpcf7\" value=\"4450\" \/><input type=\"hidden\" name=\"_wpcf7_version\" value=\"6.1.4\" \/><input type=\"hidden\" name=\"_wpcf7_locale\" value=\"en_US\" \/><input type=\"hidden\" name=\"_wpcf7_unit_tag\" value=\"wpcf7-f4450-o1\" \/><input type=\"hidden\" name=\"_wpcf7_container_post\" value=\"0\" \/><input type=\"hidden\" name=\"_wpcf7_posted_data_hash\" value=\"\" \/>\n<\/fieldset>\n<div class=\"contact_us_form\">\n\t<div class=\"columns_wrap\">\n\t\t<div class=\"column-1_2\">\n\t\t\t<p><span class=\"wpcf7-form-control-wrap\" data-name=\"your-name\"><input size=\"40\" maxlength=\"400\" class=\"wpcf7-form-control wpcf7-text wpcf7-validates-as-required\" aria-required=\"true\" aria-invalid=\"false\" placeholder=\"Firmenname\" value=\"\" type=\"text\" name=\"your-name\" \/><\/span>\n\t\t\t<\/p>\n\t\t<\/div>\n\t\t<div class=\"column-1_2\">\n\t\t\t<p><span class=\"wpcf7-form-control-wrap\" data-name=\"your-email\"><input size=\"40\" maxlength=\"400\" class=\"wpcf7-form-control wpcf7-email wpcf7-validates-as-required wpcf7-text wpcf7-validates-as-email\" aria-required=\"true\" aria-invalid=\"false\" placeholder=\"E-Mail\" value=\"\" type=\"email\" name=\"your-email\" \/><\/span>\n\t\t\t<\/p>\n\t\t<\/div>\n\t<\/div>\n\t<div class=\"columns_wrap\">\n\t\t<div class=\"column-1_1\">\n\t\t\t<p><span class=\"wpcf7-form-control-wrap\" data-name=\"your-subject\"><input size=\"40\" maxlength=\"400\" class=\"wpcf7-form-control wpcf7-tel wpcf7-validates-as-required wpcf7-text wpcf7-validates-as-tel\" aria-required=\"true\" aria-invalid=\"false\" placeholder=\"TELEFON\" value=\"\" type=\"tel\" name=\"your-subject\" \/><\/span>\n\t\t\t<\/p>\n\t\t<\/div>\n\t<\/div>\n\t<div class=\"columns_wrap\">\n\t\t<div class=\"column-1_1\">\n\t\t\t<p>Wo haben Sie uns gefunden?\n\t\t\t<\/p>\n\t\t\t<p><span class=\"wpcf7-form-control-wrap\" data-name=\"neredenbuldunuz\"><select class=\"wpcf7-form-control wpcf7-select\" aria-invalid=\"false\" name=\"neredenbuldunuz\"><option value=\"\">&#8212;Please choose an option&#8212;<\/option><option value=\"Sozialen Medien\">Sozialen Medien<\/option><option value=\"Suchmaschinen\">Suchmaschinen<\/option><option value=\"Anzeigen\">Anzeigen<\/option><option value=\"Tavsiye\">Tavsiye<\/option><\/select><\/span>\n\t\t\t<\/p>\n\t\t<\/div>\n\t<\/div>\n\t<div class=\"columns_wrap\">\n\t\t<div class=\"column-1_1\">\n\t\t\t<p><span class=\"wpcf7-form-control-wrap\" data-name=\"textarea-message\"><textarea cols=\"40\" rows=\"3\" maxlength=\"2000\" class=\"wpcf7-form-control wpcf7-textarea wpcf7-validates-as-required\" aria-required=\"true\" aria-invalid=\"false\" placeholder=\"Was Sie hinzuf\u00fcgen m\u00f6chten\" name=\"textarea-message\"><\/textarea><\/span>\n\t\t\t<\/p>\n\t\t<\/div>\n\t<\/div>\n\t<div class=\"columns_wrap sc_align_left\">\n\t\t<div class=\"column-1_1\">\n\t\t\t<div class=\"cf7-cf-turnstile\" style=\"margin-top: 0px; margin-bottom: -15px;\"> <div id=\"cf-turnstile-cf7-310834585\" class=\"cf-turnstile\" data-callback=\"turnstileCF7Callback\" data-sitekey=\"0x4AAAAAAAzuIZVQu2BYf_ai\" data-theme=\"light\" data-language=\"auto\" data-size=\"normal\" data-retry=\"auto\" data-retry-interval=\"1000\" data-refresh-expired=\"auto\" data-action=\"contact-form-7\" data-appearance=\"always\"><\/div> <style>.wpcf7-submit { pointer-events: none; opacity: 0.5; }<\/style> <script>document.addEventListener(\"DOMContentLoaded\", function() { setTimeout(function(){ var e=document.getElementById(\"cf-turnstile-cf7-310834585\"); e&&!e.innerHTML.trim()&&(turnstile.remove(\"#cf-turnstile-cf7-310834585\"), turnstile.render(\"#cf-turnstile-cf7-310834585\", {sitekey:\"0x4AAAAAAAzuIZVQu2BYf_ai\"})); }, 100); });<\/script> <br class=\"cf-turnstile-br cf-turnstile-br-cf7-310834585\"> <style>#cf-turnstile-cf7-310834585 { margin-left: -15px; }<\/style> <script>document.addEventListener(\"DOMContentLoaded\",function(){document.querySelectorAll('.wpcf7-form').forEach(function(e){e.addEventListener('submit',function(){if(document.getElementById('cf-turnstile-cf7-310834585')){setTimeout(function(){turnstile.reset('#cf-turnstile-cf7-310834585');},1000)}})})});<\/script> <\/div>\n\t\t\t<p><input class=\"wpcf7-form-control wpcf7-submit has-spinner\" type=\"submit\" value=\"Antrag einreichen\" \/>\n\t\t\t<\/p>\n\t\t<\/div>\n\t<\/div>\n<\/div><div class=\"wpcf7-response-output\" aria-hidden=\"true\"><\/div>\n<\/form>\n<\/div>\n[vc_empty_space height=&#8221;2.8em&#8221; alter_height=&#8221;none&#8221; hide_on_mobile=&#8221;&#8221;][\/vc_column][\/vc_row]<\/p>\n","protected":false},"excerpt":{"rendered":"<p>[vc_row full_width=&#8221;stretch_row&#8221; css=&#8221;.vc_custom_1651150190585{margin-bottom: 150px !important;padding-top: 50px !important;padding-bottom: 50px !important;background-color: #ffffff !important;}&#8221;][vc_column width=&#8221;1\/3&#8243; icons_position=&#8221;left&#8221; offset=&#8221;vc_col-md-6&#8243;][vc_single_image image=&#8221;4441&#8243; img_size=&#8221;full&#8221;][vc_column_text] Wir bitten Sie dringend, das gesamte Formular auszuf\u00fcllen, um Ihre Bewerbung effektiv bewerten zu k\u00f6nnen. Sobald das Formular bei uns eintrifft, werden unsere Teamkollegen sie kontaktieren, um \u00fcber diese Gesch\u00e4ftsm\u00f6glichkeit zu sprechen.[\/vc_column_text][\/vc_column][vc_column width=&#8221;2\/3&#8243; icons_position=&#8221;left&#8221; offset=&#8221;vc_col-md-6&#8243;][vc_column_text]H\u00e4ndlerantragsformular Stellen Sie sicher, dass die von Ihnen eingegebenen Informationen&hellip;<\/p>\n","protected":false},"author":1,"featured_media":0,"parent":0,"menu_order":0,"comment_status":"closed","ping_status":"closed","template":"","meta":{"footnotes":""},"class_list":["post-4440","page","type-page","status-publish","hentry"],"_links":{"self":[{"href":"https:\/\/jant.com.tr\/de\/wp-json\/wp\/v2\/pages\/4440","targetHints":{"allow":["GET"]}}],"collection":[{"href":"https:\/\/jant.com.tr\/de\/wp-json\/wp\/v2\/pages"}],"about":[{"href":"https:\/\/jant.com.tr\/de\/wp-json\/wp\/v2\/types\/page"}],"author":[{"embeddable":true,"href":"https:\/\/jant.com.tr\/de\/wp-json\/wp\/v2\/users\/1"}],"replies":[{"embeddable":true,"href":"https:\/\/jant.com.tr\/de\/wp-json\/wp\/v2\/comments?post=4440"}],"version-history":[{"count":12,"href":"https:\/\/jant.com.tr\/de\/wp-json\/wp\/v2\/pages\/4440\/revisions"}],"predecessor-version":[{"id":5873,"href":"https:\/\/jant.com.tr\/de\/wp-json\/wp\/v2\/pages\/4440\/revisions\/5873"}],"wp:attachment":[{"href":"https:\/\/jant.com.tr\/de\/wp-json\/wp\/v2\/media?parent=4440"}],"curies":[{"name":"wp","href":"https:\/\/api.w.org\/{rel}","templated":true}]}}