{"id":4208,"date":"2022-04-21T12:02:08","date_gmt":"2022-04-21T12:02:08","guid":{"rendered":"https:\/\/jant.com.tr\/de\/?page_id=4208"},"modified":"2022-07-10T10:06:58","modified_gmt":"2022-07-10T10:06:58","slug":"enginering","status":"publish","type":"page","link":"https:\/\/jant.com.tr\/de\/enginering\/","title":{"rendered":"Enginering"},"content":{"rendered":"<p>[vc_row full_width=&#8221;stretch_row&#8221; content_placement=&#8221;middle&#8221; css=&#8221;.vc_custom_1651145356626{padding-top: 50px !important;background-color: #ffffff !important;}&#8221;][vc_column icons_position=&#8221;left&#8221; offset=&#8221;vc_col-md-6&#8243;]<div id=\"\"\r\n\t\tclass=\"sc_title color_style_default sc_title_default\"><h3 class=\"sc_item_title sc_title_title sc_align_left sc_item_title_style_default sc_item_title_tag\">DESIGN<\/h3><\/div><!-- \/.sc_title -->[vc_empty_space height=&#8221;0.5em&#8221; alter_height=&#8221;none&#8221; hide_on_mobile=&#8221;&#8221;][vc_single_image image=&#8221;4342&#8243; img_size=&#8221;full&#8221;][\/vc_column][vc_column icons_position=&#8221;left&#8221; offset=&#8221;vc_col-md-6&#8243;][vc_empty_space height=&#8221;1.4em&#8221; alter_height=&#8221;none&#8221; hide_on_mobile=&#8221;1,3&#8243;][vc_column_text]Modellierung, Formenbau und Herstellung unserer Felgen werden in unserer Fabrik von unserem erfahrenen Team durchgef\u00fchrt. Das gew\u00fcnschte Modell wird von unseren Ingenieuren in 3D mit professioneller Software entworfen. Die Form wird in unserer Fabrik von unserem technischen Personal hergestellt. Die Form wird in extra Pr\u00e4zisions-CNC-Bearbeitungszentren hergestellt und sorgf\u00e4ltig gesammelt.[\/vc_column_text][vc_empty_space height=&#8221;2.8em&#8221; alter_height=&#8221;none&#8221; hide_on_mobile=&#8221;&#8221;][\/vc_column][\/vc_row][vc_row full_width=&#8221;stretch_row&#8221; content_placement=&#8221;top&#8221; css=&#8221;.vc_custom_1651145563492{padding-top: 50px !important;background-color: #ffffff !important;}&#8221;][vc_column icons_position=&#8221;left&#8221; offset=&#8221;vc_col-md-6&#8243;]<div id=\"\"\r\n\t\tclass=\"sc_title color_style_default sc_title_default\"><h3 class=\"sc_item_title sc_title_title sc_align_left sc_item_title_style_default sc_item_title_tag\">QUALIT\u00c4T<\/h3><\/div><!-- \/.sc_title -->[vc_empty_space height=&#8221;0.5em&#8221; alter_height=&#8221;none&#8221; hide_on_mobile=&#8221;&#8221;][vc_single_image image=&#8221;4344&#8243; img_size=&#8221;full&#8221;][\/vc_column][vc_column icons_position=&#8221;left&#8221; offset=&#8221;vc_col-md-6&#8243;][vc_empty_space height=&#8221;1.4em&#8221; alter_height=&#8221;none&#8221; hide_on_mobile=&#8221;1,3&#8243;][vc_empty_space height=&#8221;2.8em&#8221; alter_height=&#8221;none&#8221; hide_on_mobile=&#8221;&#8221;][vc_column_text]Die hergestellten Modelle werden vor der Serienproduktion mechanischen Haltbarkeitstests wie Schlag -, Radial-und biegeverz\u00f6gerung, Korrosion unterzogen. Modelle, die die nach dem testguss durchgef\u00fchrten Tests bestehen, erhalten eine massenproduktionsgenehmigung.<\/p>\n<p>Nach unserem Qualit\u00e4tsverst\u00e4ndnis f\u00fchren wir Kontrollen in jeder Phase der Produktion durch. Diese Kontrollen kehren zur Fabrik von Caglas mit niedrigem Feuer, hoher Qualit\u00e4t und zur Marke von Caglas mit hoher Kundenzufriedenheit zur\u00fcck.[\/vc_column_text][\/vc_column][\/vc_row][vc_row full_width=&#8221;stretch_row&#8221; content_placement=&#8221;top&#8221; css=&#8221;.vc_custom_1651145345361{padding-top: 50px !important;background-color: #ffffff !important;}&#8221;][vc_column icons_position=&#8221;left&#8221; offset=&#8221;vc_col-md-6&#8243;]<div id=\"\"\r\n\t\tclass=\"sc_title color_style_default sc_title_default\"><h3 class=\"sc_item_title sc_title_title sc_align_left sc_item_title_style_default sc_item_title_tag\">GIE\u00dfEREI<\/h3><\/div><!-- \/.sc_title -->[vc_empty_space height=&#8221;0.5em&#8221; alter_height=&#8221;none&#8221; hide_on_mobile=&#8221;&#8221;][vc_single_image image=&#8221;4345&#8243; img_size=&#8221;full&#8221;][\/vc_column][vc_column icons_position=&#8221;left&#8221; offset=&#8221;vc_col-md-6&#8243;][vc_empty_space height=&#8221;1.4em&#8221; alter_height=&#8221;none&#8221; hide_on_mobile=&#8221;1,3&#8243;][vc_empty_space height=&#8221;1.4em&#8221; alter_height=&#8221;none&#8221; hide_on_mobile=&#8221;1,3&#8243;][vc_empty_space height=&#8221;1.4em&#8221; alter_height=&#8221;none&#8221; hide_on_mobile=&#8221;1,3&#8243;][vc_column_text]In unserer Fabrik, die durch niederdruckgusstechnik produziert wird, werden originalaluminiumbarren der h\u00f6chsten Qualit\u00e4t verwendet. In den Schmelz\u00f6fen wird das Mineral, das fl\u00fcssig wird, der Entgasung unterzogen. Produkte, die ausgegossen werden, werden der\u00a0 X -Ray-Kontrolle unterzogen. Nach weiteren Messungen und Qualit\u00e4tskontrollen werden sie in den Bereich gebracht, in dem sie verarbeitet werden.[\/vc_column_text][vc_empty_space height=&#8221;2.8em&#8221; alter_height=&#8221;none&#8221; hide_on_mobile=&#8221;&#8221;][\/vc_column][\/vc_row][vc_row full_width=&#8221;stretch_row&#8221; content_placement=&#8221;top&#8221; css=&#8221;.vc_custom_1651145334748{padding-top: 50px !important;background-color: #ffffff !important;}&#8221;][vc_column icons_position=&#8221;left&#8221; offset=&#8221;vc_col-md-6&#8243;]<div id=\"\"\r\n\t\tclass=\"sc_title color_style_default sc_title_default\"><h3 class=\"sc_item_title sc_title_title sc_align_left sc_item_title_style_default sc_item_title_tag\">BEARBEITUNG<\/h3><\/div><!-- \/.sc_title -->[vc_empty_space height=&#8221;0.5em&#8221; alter_height=&#8221;none&#8221; hide_on_mobile=&#8221;&#8221;][vc_single_image image=&#8221;4346&#8243; img_size=&#8221;full&#8221;][\/vc_column][vc_column icons_position=&#8221;left&#8221; offset=&#8221;vc_col-md-6&#8243;][vc_empty_space height=&#8221;1.4em&#8221; alter_height=&#8221;none&#8221; hide_on_mobile=&#8221;1,3&#8243;][vc_empty_space height=&#8221;1.4em&#8221; alter_height=&#8221;none&#8221; hide_on_mobile=&#8221;1,3&#8243;][vc_empty_space height=&#8221;1.4em&#8221; alter_height=&#8221;none&#8221; hide_on_mobile=&#8221;1,3&#8243;][vc_column_text]\u00c7a\u011flas produziert grunds\u00e4tzlich R\u00e4der, die sowohl hohe Sicherheitsanforderungen erf\u00fcllen als auch keine Probleme mit Balance, Sekretion und wackeln haben. Es verwendet modernste CNCs, um perfekte Oberfl\u00e4chen zu erhalten. Egal ob es sich um Montagefl\u00e4chen, Rad-und ventill\u00f6cher handelt, jeder prozess wird mit hoher Pr\u00e4zision durchgef\u00fchrt. Jede Felge wird einer dichtungstest unterzogen. Nach Zustimmung des qualit\u00e4tsingenieurs wird es an die Lackiererei geliefert.[\/vc_column_text][vc_empty_space height=&#8221;2.8em&#8221; alter_height=&#8221;none&#8221; hide_on_mobile=&#8221;&#8221;][\/vc_column][\/vc_row][vc_row full_width=&#8221;stretch_row&#8221; content_placement=&#8221;top&#8221; css=&#8221;.vc_custom_1651145325095{padding-top: 50px !important;background-color: #ffffff !important;}&#8221;][vc_column icons_position=&#8221;left&#8221; offset=&#8221;vc_col-md-6&#8243;]<div id=\"\"\r\n\t\tclass=\"sc_title color_style_default sc_title_default\"><h3 class=\"sc_item_title sc_title_title sc_align_left sc_item_title_style_default sc_item_title_tag\">FARBSTOFF<\/h3><\/div><!-- \/.sc_title -->[vc_empty_space height=&#8221;0.5em&#8221; alter_height=&#8221;none&#8221; hide_on_mobile=&#8221;&#8221;][vc_single_image image=&#8221;4347&#8243; img_size=&#8221;full&#8221;][\/vc_column][vc_column icons_position=&#8221;left&#8221; offset=&#8221;vc_col-md-6&#8243;][vc_empty_space height=&#8221;1.4em&#8221; alter_height=&#8221;none&#8221; hide_on_mobile=&#8221;1,3&#8243;][vc_empty_space height=&#8221;1.4em&#8221; alter_height=&#8221;none&#8221; hide_on_mobile=&#8221;1,3&#8243;][vc_empty_space height=&#8221;1.4em&#8221; alter_height=&#8221;none&#8221; hide_on_mobile=&#8221;1,3&#8243;][vc_column_text]So wichtig die \u00ab innere Sch\u00f6nheit \u00bb einer Felge auch sein mag, Wir sind uns bewusst, dass es die \u00e4u\u00dfere Sch\u00f6nheit ist, die sie verkauft. Aus diesem Grund verwenden wir Marken, die sich im felgenbereich als Ausr\u00fcstung und Material in unserer Lackiererei bew\u00e4hrt haben. Hier sehen wir das Geheimnis, nicht nur im Bild, sondern auch jenseits der Branchenstandards Widerstand zu leisten. Wir machen keine Kompromisse bei der Qualit\u00e4t, wenn wir kundenorientierte Farben verwenden. Jede Felge, die in unseren Vorbehandlungs -, Pulverbeschichtungs-und nasslacklinien verarbeitet wird, wird von den meisteraugen untersucht, bevor sie in die Verpackung gelangt. Die Verpackung ist so gemacht, wie die Felgen f\u00fcr \u00dcbersee-Reisen gehen k\u00f6nnen.[\/vc_column_text][vc_empty_space height=&#8221;2.8em&#8221; alter_height=&#8221;none&#8221; hide_on_mobile=&#8221;&#8221;][\/vc_column][\/vc_row][vc_row][vc_column icons_position=&#8221;left&#8221;][vc_empty_space height=&#8221;9.3em&#8221; alter_height=&#8221;none&#8221; hide_on_mobile=&#8221;&#8221;][\/vc_column][\/vc_row]<\/p>\n","protected":false},"excerpt":{"rendered":"<p>[vc_row full_width=&#8221;stretch_row&#8221; content_placement=&#8221;middle&#8221; css=&#8221;.vc_custom_1651145356626{padding-top: 50px !important;background-color: #ffffff !important;}&#8221;][vc_column icons_position=&#8221;left&#8221; offset=&#8221;vc_col-md-6&#8243;][vc_empty_space height=&#8221;0.5em&#8221; alter_height=&#8221;none&#8221; hide_on_mobile=&#8221;&#8221;][vc_single_image image=&#8221;4342&#8243; img_size=&#8221;full&#8221;][\/vc_column][vc_column icons_position=&#8221;left&#8221; offset=&#8221;vc_col-md-6&#8243;][vc_empty_space height=&#8221;1.4em&#8221; alter_height=&#8221;none&#8221; hide_on_mobile=&#8221;1,3&#8243;][vc_column_text]Modellierung, Formenbau und Herstellung unserer Felgen werden in unserer Fabrik von unserem erfahrenen Team durchgef\u00fchrt. Das gew\u00fcnschte Modell wird von unseren Ingenieuren in 3D mit professioneller Software entworfen. Die Form wird in unserer Fabrik von unserem technischen Personal hergestellt. Die Form&hellip;<\/p>\n","protected":false},"author":1,"featured_media":0,"parent":0,"menu_order":0,"comment_status":"closed","ping_status":"closed","template":"","meta":{"footnotes":""},"class_list":["post-4208","page","type-page","status-publish","hentry"],"_links":{"self":[{"href":"https:\/\/jant.com.tr\/de\/wp-json\/wp\/v2\/pages\/4208","targetHints":{"allow":["GET"]}}],"collection":[{"href":"https:\/\/jant.com.tr\/de\/wp-json\/wp\/v2\/pages"}],"about":[{"href":"https:\/\/jant.com.tr\/de\/wp-json\/wp\/v2\/types\/page"}],"author":[{"embeddable":true,"href":"https:\/\/jant.com.tr\/de\/wp-json\/wp\/v2\/users\/1"}],"replies":[{"embeddable":true,"href":"https:\/\/jant.com.tr\/de\/wp-json\/wp\/v2\/comments?post=4208"}],"version-history":[{"count":20,"href":"https:\/\/jant.com.tr\/de\/wp-json\/wp\/v2\/pages\/4208\/revisions"}],"predecessor-version":[{"id":5871,"href":"https:\/\/jant.com.tr\/de\/wp-json\/wp\/v2\/pages\/4208\/revisions\/5871"}],"wp:attachment":[{"href":"https:\/\/jant.com.tr\/de\/wp-json\/wp\/v2\/media?parent=4208"}],"curies":[{"name":"wp","href":"https:\/\/api.w.org\/{rel}","templated":true}]}}