{"id":226,"date":"2017-04-24T08:36:17","date_gmt":"2017-04-24T08:36:17","guid":{"rendered":"https:\/\/jant.com.tr\/de\/?page_id=226"},"modified":"2024-02-12T12:02:16","modified_gmt":"2024-02-12T12:02:16","slug":"kommunikation","status":"publish","type":"page","link":"https:\/\/jant.com.tr\/de\/kommunikation\/","title":{"rendered":"Kommunikation"},"content":{"rendered":"<p>[vc_row][vc_column icons_position=&#8221;left&#8221;][vc_empty_space height=&#8221;4.7em&#8221; alter_height=&#8221;none&#8221; hide_on_mobile=&#8221;&#8221;][\/vc_column][\/vc_row][vc_row gap=&#8221;30&#8243; equal_height=&#8221;yes&#8221;][vc_column width=&#8221;5\/12&#8243; icons_position=&#8221;left&#8221; offset=&#8221;vc_col-lg-offset-0 vc_col-lg-5 vc_col-md-offset-0 vc_col-md-6 vc_col-xs-12&#8243;][vc_empty_space height=&#8221;2em&#8221; alter_height=&#8221;none&#8221; hide_on_mobile=&#8221;&#8221;]<div id=\"\"\r\n\t\tclass=\"sc_content color_style_default sc_content_default sc_float_center  vc_custom_1497443355634\"><div class=\"sc_content_container\">[vc_column_text]<\/p>\n<h6><span style=\"color: #e43315;\">\u00c7a\u011flas Otomotiv &#8211; Fabrik<\/span><\/h6>\n<p>[\/vc_column_text][vc_empty_space height=&#8221;0.8em&#8221; alter_height=&#8221;none&#8221; hide_on_mobile=&#8221;&#8221;][vc_column_text]<strong>Adresse<\/strong><br \/>\nBal\u0131kesir OSB, 7. Cad. No:9<br \/>\nG\u00f6kk\u00f6y &#8211; Bal\u0131kesir \/ T\u00dcRK\u0130YE<\/p>\n<p><strong>Telefon<br \/>\n<\/strong>+90 (266) 243 52 68<strong><br \/>\n<\/strong><\/p>\n<p><span style=\"color: #1d1d1d;\"><b>Au\u00dfenhandel:<br \/>\n<\/b><\/span><a href=\"mailto:export@jant.com.tr\">export@jant.com.tr<\/a><\/p>\n<p><strong>Kaufen:<\/strong><br \/>\n<a href=\"mailto:satinalma@jant.com.tr\">satinalma@jant.com.tr<\/a><\/p>\n<p><strong>Personalwesen:<br \/>\n<\/strong><a href=\"mailto:i.k@jant.com.tr\">i.k@jant.com.tr<\/a>[\/vc_column_text][vc_empty_space height=&#8221;2em&#8221; alter_height=&#8221;none&#8221; hide_on_mobile=&#8221;&#8221;]<\/div><\/div><!-- \/.sc_content -->[\/vc_column][vc_column width=&#8221;7\/12&#8243; icons_position=&#8221;left&#8221; offset=&#8221;vc_col-lg-offset-0 vc_col-lg-7 vc_col-md-offset-0 vc_col-md-6 vc_col-xs-12&#8243;][vc_empty_space height=&#8221;2em&#8221; alter_height=&#8221;none&#8221; hide_on_mobile=&#8221;&#8221;]<div id=\"\"\r\n\t\tclass=\"sc_content color_style_default sc_content_default sc_float_center  vc_custom_1569413294554\"><div class=\"sc_content_container\"><div id=\"_wrap\" class=\"sc_googlemap_wrap\"><div id=\"\"\r\n\t\t\tclass=\"sc_googlemap sc_googlemap_default\"\r\n\t\t\t style=\"width:100%;height:360px;\"\t\t\tdata-zoom=\"16\"\r\n\t\t\tdata-style=\"dark\"\r\n\t\t\tdata-cluster-icon=\"\"\r\n\r\n\t\t\t><iframe\r\n\t\t\t\t\tsrc=\"https:\/\/maps.google.com\/maps?t=m&output=embed&iwloc=near&z=16&q=7.+Cad.+No%3A9+G%C3%B6kk%C3%B6y+%E2%80%93+Bal%C4%B1kesir+%2F+T%C3%9CRK%C4%B0YE\"\r\n\t\t\t\t\tscrolling=\"no\"\r\n\t\t\t\t\tmarginheight=\"0\"\r\n\t\t\t\t\tmarginwidth=\"0\"\r\n\t\t\t\t\tframeborder=\"0\"\r\n\t\t\t\t\taria-label=\"\u00c7a\u011flas Otomotiv\"><\/iframe><\/div><\/div><!-- \/.sc_googlemap_wrap --><\/div><\/div><!-- \/.sc_content -->[\/vc_column][\/vc_row][vc_row gap=&#8221;30&#8243; equal_height=&#8221;yes&#8221;][vc_column width=&#8221;5\/12&#8243; icons_position=&#8221;left&#8221; offset=&#8221;vc_col-lg-offset-0 vc_col-lg-5 vc_col-md-offset-0 vc_col-md-6 vc_col-xs-12&#8243;][vc_empty_space height=&#8221;2em&#8221; alter_height=&#8221;none&#8221; hide_on_mobile=&#8221;&#8221;]<div id=\"\"\r\n\t\tclass=\"sc_content color_style_default sc_content_default sc_float_center  vc_custom_1497443355634\"><div class=\"sc_content_container\">[vc_column_text]<\/p>\n<h6><span style=\"color: #e43315;\">\u00c7a\u011flas Otomotiv &#8211; Shop<\/span><\/h6>\n<p>[\/vc_column_text][vc_empty_space height=&#8221;0.8em&#8221; alter_height=&#8221;none&#8221; hide_on_mobile=&#8221;&#8221;][vc_column_text]<strong>Adresse<\/strong><br \/>\nBah\u00e7elievler Mah. Adnan Kahveci Bulvar\u0131 No:119\/A Bah\u00e7elievler \u2013 \u0130stanbul \/ T\u00dcRK\u0130YE<\/p>\n<p><strong>Telefon<br \/>\n<\/strong>+90 (212) 525 06 04<strong><br \/>\n<\/strong><\/p>\n<p><strong>Email<br \/>\n<\/strong><a href=\"mailto:bilgi@jant.com.tr\">bilgi@jant.com.tr<\/a>[\/vc_column_text][vc_empty_space height=&#8221;2em&#8221; alter_height=&#8221;none&#8221; hide_on_mobile=&#8221;&#8221;]<\/div><\/div><!-- \/.sc_content -->[\/vc_column][vc_column width=&#8221;7\/12&#8243; icons_position=&#8221;left&#8221; offset=&#8221;vc_col-lg-offset-0 vc_col-lg-7 vc_col-md-offset-0 vc_col-md-6 vc_col-xs-12&#8243;][vc_empty_space height=&#8221;2em&#8221; alter_height=&#8221;none&#8221; hide_on_mobile=&#8221;&#8221;]<div id=\"\"\r\n\t\tclass=\"sc_content color_style_default sc_content_default sc_float_center  vc_custom_1569413294554\"><div class=\"sc_content_container\"><div id=\"_wrap\" class=\"sc_googlemap_wrap\"><div id=\"\"\r\n\t\t\tclass=\"sc_googlemap sc_googlemap_default\"\r\n\t\t\t style=\"width:100%;height:385px;\"\t\t\tdata-zoom=\"16\"\r\n\t\t\tdata-style=\"dark\"\r\n\t\t\tdata-cluster-icon=\"\"\r\n\r\n\t\t\t><iframe\r\n\t\t\t\t\tsrc=\"https:\/\/maps.google.com\/maps?t=m&output=embed&iwloc=near&z=16&q=BAH%C3%87EL%C4%B0EVLER+MAH%2C+Adnan+Kahveci+Blv.+NO%3A119%2FA%2C+34180+Bah%C3%A7elievler%2F%C4%B0stanbul\"\r\n\t\t\t\t\tscrolling=\"no\"\r\n\t\t\t\t\tmarginheight=\"0\"\r\n\t\t\t\t\tmarginwidth=\"0\"\r\n\t\t\t\t\tframeborder=\"0\"\r\n\t\t\t\t\taria-label=\"\u00c7a\u011flas Otomotiv\"><\/iframe><\/div><\/div><!-- \/.sc_googlemap_wrap --><\/div><\/div><!-- \/.sc_content -->[\/vc_column][\/vc_row][vc_row full_width=&#8221;stretch_row_content_no_spaces&#8221;][vc_column icons_position=&#8221;left&#8221;][vc_empty_space height=&#8221;4.7em&#8221; alter_height=&#8221;none&#8221; hide_on_mobile=&#8221;&#8221;][\/vc_column][\/vc_row][vc_row full_width=&#8221;stretch_row_content_no_spaces&#8221;][vc_column width=&#8221;1\/4&#8243; icons_position=&#8221;left&#8221;][\/vc_column][vc_column width=&#8221;1\/2&#8243; icons_position=&#8221;left&#8221;][\/vc_column][vc_column width=&#8221;1\/4&#8243; icons_position=&#8221;left&#8221;][\/vc_column][\/vc_row]<\/p>\n","protected":false},"excerpt":{"rendered":"<p>[vc_row][vc_column icons_position=&#8221;left&#8221;][vc_empty_space height=&#8221;4.7em&#8221; alter_height=&#8221;none&#8221; hide_on_mobile=&#8221;&#8221;][\/vc_column][\/vc_row][vc_row gap=&#8221;30&#8243; equal_height=&#8221;yes&#8221;][vc_column width=&#8221;5\/12&#8243; icons_position=&#8221;left&#8221; offset=&#8221;vc_col-lg-offset-0 vc_col-lg-5 vc_col-md-offset-0 vc_col-md-6 vc_col-xs-12&#8243;][vc_empty_space height=&#8221;2em&#8221; alter_height=&#8221;none&#8221; hide_on_mobile=&#8221;&#8221;][\/vc_column][vc_column width=&#8221;7\/12&#8243; icons_position=&#8221;left&#8221; offset=&#8221;vc_col-lg-offset-0 vc_col-lg-7 vc_col-md-offset-0 vc_col-md-6 vc_col-xs-12&#8243;][vc_empty_space height=&#8221;2em&#8221; alter_height=&#8221;none&#8221; hide_on_mobile=&#8221;&#8221;][\/vc_column][\/vc_row][vc_row gap=&#8221;30&#8243; equal_height=&#8221;yes&#8221;][vc_column width=&#8221;5\/12&#8243; icons_position=&#8221;left&#8221; offset=&#8221;vc_col-lg-offset-0 vc_col-lg-5 vc_col-md-offset-0 vc_col-md-6 vc_col-xs-12&#8243;][vc_empty_space height=&#8221;2em&#8221; alter_height=&#8221;none&#8221; hide_on_mobile=&#8221;&#8221;][\/vc_column][vc_column width=&#8221;7\/12&#8243; icons_position=&#8221;left&#8221; offset=&#8221;vc_col-lg-offset-0 vc_col-lg-7 vc_col-md-offset-0 vc_col-md-6 vc_col-xs-12&#8243;][vc_empty_space height=&#8221;2em&#8221; alter_height=&#8221;none&#8221; hide_on_mobile=&#8221;&#8221;][\/vc_column][\/vc_row][vc_row full_width=&#8221;stretch_row_content_no_spaces&#8221;][vc_column icons_position=&#8221;left&#8221;][vc_empty_space height=&#8221;4.7em&#8221; alter_height=&#8221;none&#8221; hide_on_mobile=&#8221;&#8221;][\/vc_column][\/vc_row][vc_row full_width=&#8221;stretch_row_content_no_spaces&#8221;][vc_column width=&#8221;1\/4&#8243; icons_position=&#8221;left&#8221;][\/vc_column][vc_column width=&#8221;1\/2&#8243; icons_position=&#8221;left&#8221;][\/vc_column][vc_column width=&#8221;1\/4&#8243;&hellip;<\/p>\n","protected":false},"author":1,"featured_media":0,"parent":0,"menu_order":0,"comment_status":"closed","ping_status":"closed","template":"","meta":{"footnotes":""},"class_list":["post-226","page","type-page","status-publish","hentry"],"_links":{"self":[{"href":"https:\/\/jant.com.tr\/de\/wp-json\/wp\/v2\/pages\/226","targetHints":{"allow":["GET"]}}],"collection":[{"href":"https:\/\/jant.com.tr\/de\/wp-json\/wp\/v2\/pages"}],"about":[{"href":"https:\/\/jant.com.tr\/de\/wp-json\/wp\/v2\/types\/page"}],"author":[{"embeddable":true,"href":"https:\/\/jant.com.tr\/de\/wp-json\/wp\/v2\/users\/1"}],"replies":[{"embeddable":true,"href":"https:\/\/jant.com.tr\/de\/wp-json\/wp\/v2\/comments?post=226"}],"version-history":[{"count":39,"href":"https:\/\/jant.com.tr\/de\/wp-json\/wp\/v2\/pages\/226\/revisions"}],"predecessor-version":[{"id":6798,"href":"https:\/\/jant.com.tr\/de\/wp-json\/wp\/v2\/pages\/226\/revisions\/6798"}],"wp:attachment":[{"href":"https:\/\/jant.com.tr\/de\/wp-json\/wp\/v2\/media?parent=226"}],"curies":[{"name":"wp","href":"https:\/\/api.w.org\/{rel}","templated":true}]}}